{"id":18,"date":"2021-11-12T19:21:08","date_gmt":"2021-11-12T19:21:08","guid":{"rendered":"https:\/\/www.laroucheosteopathie.com\/?page_id=18"},"modified":"2025-01-28T01:16:21","modified_gmt":"2025-01-28T01:16:21","slug":"biography-larouche","status":"publish","type":"page","link":"https:\/\/www.laroucheosteopathie.com\/en\/biography-larouche\/","title":{"rendered":"Biography"},"content":{"rendered":"<div data-elementor-type=\"wp-page\" data-elementor-id=\"18\" class=\"elementor elementor-18\" data-elementor-post-type=\"page\">\n\t\t\t\t\t\t<section class=\"elementor-section elementor-top-section elementor-element elementor-element-267a8e66 elementor-section-content-middle elementor-section-boxed elementor-section-height-default elementor-section-height-default\" data-id=\"267a8e66\" data-element_type=\"section\" data-e-type=\"section\" data-settings=\"{&quot;background_background&quot;:&quot;classic&quot;,&quot;shape_divider_top&quot;:&quot;opacity-tilt&quot;,&quot;shape_divider_bottom&quot;:&quot;opacity-tilt&quot;,&quot;animation&quot;:&quot;none&quot;}\">\n\t\t\t\t\t<div class=\"elementor-shape elementor-shape-top\" aria-hidden=\"true\" data-negative=\"false\">\n\t\t\t<svg xmlns=\"http:\/\/www.w3.org\/2000\/svg\" viewbox=\"0 0 2600 131.1\" preserveaspectratio=\"none\">\n\t<path class=\"elementor-shape-fill\" d=\"M0 0L2600 0 2600 69.1 0 0z\"\/>\n\t<path class=\"elementor-shape-fill\" style=\"opacity:0.5\" d=\"M0 0L2600 0 2600 69.1 0 69.1z\"\/>\n\t<path class=\"elementor-shape-fill\" style=\"opacity:0.25\" d=\"M2600 0L0 0 0 130.1 2600 69.1z\"\/>\n<\/svg>\t\t<\/div>\n\t\t\t\t<div class=\"elementor-shape elementor-shape-bottom\" aria-hidden=\"true\" data-negative=\"false\">\n\t\t\t<svg xmlns=\"http:\/\/www.w3.org\/2000\/svg\" viewbox=\"0 0 2600 131.1\" preserveaspectratio=\"none\">\n\t<path class=\"elementor-shape-fill\" d=\"M0 0L2600 0 2600 69.1 0 0z\"\/>\n\t<path class=\"elementor-shape-fill\" style=\"opacity:0.5\" d=\"M0 0L2600 0 2600 69.1 0 69.1z\"\/>\n\t<path class=\"elementor-shape-fill\" style=\"opacity:0.25\" d=\"M2600 0L0 0 0 130.1 2600 69.1z\"\/>\n<\/svg>\t\t<\/div>\n\t\t\t\t\t<div class=\"elementor-container elementor-column-gap-no\">\n\t\t\t\t\t<div class=\"elementor-column elementor-col-50 elementor-top-column elementor-element elementor-element-4e501174 elementor-invisible\" data-id=\"4e501174\" data-element_type=\"column\" data-e-type=\"column\" data-settings=\"{&quot;animation&quot;:&quot;fadeInLeft&quot;}\">\n\t\t\t<div class=\"elementor-widget-wrap elementor-element-populated\">\n\t\t\t\t\t\t<div class=\"elementor-element elementor-element-6c2a0222 elementor-widget elementor-widget-image\" data-id=\"6c2a0222\" data-element_type=\"widget\" data-e-type=\"widget\" data-widget_type=\"image.default\">\n\t\t\t\t<div class=\"elementor-widget-container\">\n\t\t\t\t\t\t\t\t\t\t\t\t\t\t\t<img fetchpriority=\"high\" decoding=\"async\" width=\"768\" height=\"768\" src=\"https:\/\/www.laroucheosteopathie.com\/wp-content\/uploads\/2022\/06\/Untitled-design-3-768x768.png\" class=\"attachment-medium_large size-medium_large wp-image-678\" alt=\"Mathieu Larouche osteopathe\" srcset=\"https:\/\/www.laroucheosteopathie.com\/wp-content\/uploads\/2022\/06\/Untitled-design-3-768x768.png 768w, https:\/\/www.laroucheosteopathie.com\/wp-content\/uploads\/2022\/06\/Untitled-design-3-300x300.png 300w, https:\/\/www.laroucheosteopathie.com\/wp-content\/uploads\/2022\/06\/Untitled-design-3-1024x1024.png 1024w, https:\/\/www.laroucheosteopathie.com\/wp-content\/uploads\/2022\/06\/Untitled-design-3-150x150.png 150w, https:\/\/www.laroucheosteopathie.com\/wp-content\/uploads\/2022\/06\/Untitled-design-3-12x12.png 12w, https:\/\/www.laroucheosteopathie.com\/wp-content\/uploads\/2022\/06\/Untitled-design-3-600x600.png 600w, https:\/\/www.laroucheosteopathie.com\/wp-content\/uploads\/2022\/06\/Untitled-design-3.png 1080w\" sizes=\"(max-width: 768px) 100vw, 768px\" \/>\t\t\t\t\t\t\t\t\t\t\t\t\t\t\t<\/div>\n\t\t\t\t<\/div>\n\t\t\t\t\t<\/div>\n\t\t<\/div>\n\t\t\t\t<div class=\"elementor-column elementor-col-50 elementor-top-column elementor-element elementor-element-54fde4d4 elementor-invisible\" data-id=\"54fde4d4\" data-element_type=\"column\" data-e-type=\"column\" data-settings=\"{&quot;animation&quot;:&quot;fadeInRight&quot;}\">\n\t\t\t<div class=\"elementor-widget-wrap elementor-element-populated\">\n\t\t\t\t\t\t<div class=\"elementor-element elementor-element-2aac7ae8 elementor-widget elementor-widget-text-editor\" data-id=\"2aac7ae8\" data-element_type=\"widget\" data-e-type=\"widget\" data-widget_type=\"text-editor.default\">\n\t\t\t\t<div class=\"elementor-widget-container\">\n\t\t\t\t\t\t\t\t\t<p>Originally from N\u00e9guac, New Brunswick, Mathieu obtained a Bachelor's degree in Kinesiology from the Universit\u00e9 de Moncton in 2012, then obtained a diploma in Osteopathy from the Institut d'Enseignement d'Ost\u00e9opathie in Montreal in 2015. In May 2015, he founded his private practice, Larouche Osteopathy. He offers his services in the Dieppe area.<\/p><p>Mathieu treats people of all ages. His approach is to treat and care for the patient with a holistic view of the human body by making connections between the different systems. He treats a variety of conditions, including musculoskeletal disorders, injuries caused by car accidents and in the workplace.<\/p><p>Mathieu is passionate about physical activity. When he has free time in the summer, you can find him on the golf course. Mathieu is a positive, cheerful and caring therapist. His goal is to help each person who enters his office by providing quality, professional therapeutic treatment.<\/p>\t\t\t\t\t\t\t\t<\/div>\n\t\t\t\t<\/div>\n\t\t\t\t<div class=\"elementor-element elementor-element-b4c1627 elementor-widget elementor-widget-heading\" data-id=\"b4c1627\" data-element_type=\"widget\" data-e-type=\"widget\" data-widget_type=\"heading.default\">\n\t\t\t\t<div class=\"elementor-widget-container\">\n\t\t\t\t\t<h2 class=\"elementor-heading-title elementor-size-default\">Mathieu Larouche<\/h2>\t\t\t\t<\/div>\n\t\t\t\t<\/div>\n\t\t\t\t<div class=\"elementor-element elementor-element-13215f5e elementor-widget elementor-widget-heading\" data-id=\"13215f5e\" data-element_type=\"widget\" data-e-type=\"widget\" data-widget_type=\"heading.default\">\n\t\t\t\t<div class=\"elementor-widget-container\">\n\t\t\t\t\t<h2 class=\"elementor-heading-title elementor-size-default\">Osteopath<\/h2>\t\t\t\t<\/div>\n\t\t\t\t<\/div>\n\t\t\t\t\t<\/div>\n\t\t<\/div>\n\t\t\t\t\t<\/div>\n\t\t<\/section>\n\t\t\t\t<section class=\"elementor-section elementor-top-section elementor-element elementor-element-575833c elementor-section-boxed elementor-section-height-default elementor-section-height-default\" data-id=\"575833c\" data-element_type=\"section\" data-e-type=\"section\">\n\t\t\t\t\t\t<div class=\"elementor-container elementor-column-gap-default\">\n\t\t\t\t\t<div class=\"elementor-column elementor-col-33 elementor-top-column elementor-element elementor-element-a16a962\" data-id=\"a16a962\" data-element_type=\"column\" data-e-type=\"column\">\n\t\t\t<div class=\"elementor-widget-wrap elementor-element-populated\">\n\t\t\t\t\t\t<div class=\"elementor-element elementor-element-e42e9fe elementor-widget elementor-widget-image\" data-id=\"e42e9fe\" data-element_type=\"widget\" data-e-type=\"widget\" data-widget_type=\"image.default\">\n\t\t\t\t<div class=\"elementor-widget-container\">\n\t\t\t\t\t\t\t\t\t\t\t\t\t\t\t\t<a href=\"https:\/\/inst-osteopathie.qc.ca\/\" target=\"_blank\">\n\t\t\t\t\t\t\t<img decoding=\"async\" width=\"300\" height=\"239\" src=\"https:\/\/www.laroucheosteopathie.com\/wp-content\/uploads\/2021\/12\/logo-uni-300x239.jpg\" class=\"elementor-animation-grow attachment-medium size-medium wp-image-458\" alt=\"Institut d&#039;enseignement de l&#039;osteopathie du quebec\" srcset=\"https:\/\/www.laroucheosteopathie.com\/wp-content\/uploads\/2021\/12\/logo-uni-300x239.jpg 300w, https:\/\/www.laroucheosteopathie.com\/wp-content\/uploads\/2021\/12\/logo-uni-1024x815.jpg 1024w, https:\/\/www.laroucheosteopathie.com\/wp-content\/uploads\/2021\/12\/logo-uni-768x611.jpg 768w, https:\/\/www.laroucheosteopathie.com\/wp-content\/uploads\/2021\/12\/logo-uni-1536x1223.jpg 1536w, https:\/\/www.laroucheosteopathie.com\/wp-content\/uploads\/2021\/12\/logo-uni-15x12.jpg 15w, https:\/\/www.laroucheosteopathie.com\/wp-content\/uploads\/2021\/12\/logo-uni.jpg 1617w\" sizes=\"(max-width: 300px) 100vw, 300px\" \/>\t\t\t\t\t\t\t\t<\/a>\n\t\t\t\t\t\t\t\t\t\t\t\t\t\t\t<\/div>\n\t\t\t\t<\/div>\n\t\t\t\t\t<\/div>\n\t\t<\/div>\n\t\t\t\t<div class=\"elementor-column elementor-col-33 elementor-top-column elementor-element elementor-element-9cbfe92\" data-id=\"9cbfe92\" data-element_type=\"column\" data-e-type=\"column\">\n\t\t\t<div class=\"elementor-widget-wrap elementor-element-populated\">\n\t\t\t\t\t\t<div class=\"elementor-element elementor-element-4aa4bef premium-lq__none elementor-widget elementor-widget-premium-addon-button\" data-id=\"4aa4bef\" data-element_type=\"widget\" data-e-type=\"widget\" data-widget_type=\"premium-addon-button.default\">\n\t\t\t\t<div class=\"elementor-widget-container\">\n\t\t\t\t\t\n\n\t\t<a class=\"premium-button premium-button-style3 premium-btn-md premium-button-style3-\" href=\"https:\/\/www.laroucheosteopathie.com\/en\/contact-larouche\/\">\n\t\t\t<div class=\"premium-button-text-icon-wrapper\">\n\t\t\t\t\n\t\t\t\t\t\t\t\t\t<span >\n\t\t\t\t\t\tGet in touch\t\t\t\t\t<\/span>\n\t\t\t\t\t\t\t<\/div>\n\n\t\t\t\n\t\t\t\n\t\t\t\n\t\t<\/a>\n\n\n\t\t\t\t\t\t<\/div>\n\t\t\t\t<\/div>\n\t\t\t\t<div class=\"elementor-element elementor-element-ffe21ce premium-lq__none elementor-widget elementor-widget-premium-addon-button\" data-id=\"ffe21ce\" data-element_type=\"widget\" data-e-type=\"widget\" data-settings=\"{&quot;_animation_mobile&quot;:&quot;fadeIn&quot;}\" data-widget_type=\"premium-addon-button.default\">\n\t\t\t\t<div class=\"elementor-widget-container\">\n\t\t\t\t\t\n\n\t\t<a class=\"premium-button premium-button-style3 premium-btn-md premium-button-style3-\" href=\"https:\/\/laroucheosteopathie.janeapp.com\">\n\t\t\t<div class=\"premium-button-text-icon-wrapper\">\n\t\t\t\t\n\t\t\t\t\t\t\t\t\t<span >\n\t\t\t\t\t\tOnline Booking Here \t\t\t\t\t<\/span>\n\t\t\t\t\t\t\t<\/div>\n\n\t\t\t\n\t\t\t\n\t\t\t\n\t\t<\/a>\n\n\n\t\t\t\t\t\t<\/div>\n\t\t\t\t<\/div>\n\t\t\t\t\t<\/div>\n\t\t<\/div>\n\t\t\t\t<div class=\"elementor-column elementor-col-33 elementor-top-column elementor-element elementor-element-a03635a\" data-id=\"a03635a\" data-element_type=\"column\" data-e-type=\"column\">\n\t\t\t<div class=\"elementor-widget-wrap elementor-element-populated\">\n\t\t\t\t\t\t<div class=\"elementor-element elementor-element-18f7be8 elementor-widget elementor-widget-image\" data-id=\"18f7be8\" data-element_type=\"widget\" data-e-type=\"widget\" data-widget_type=\"image.default\">\n\t\t\t\t<div class=\"elementor-widget-container\">\n\t\t\t\t\t\t\t\t\t\t\t\t\t\t\t\t<a href=\"https:\/\/www.umoncton.ca\/\" target=\"_blank\">\n\t\t\t\t\t\t\t<img decoding=\"async\" width=\"300\" height=\"300\" src=\"https:\/\/www.laroucheosteopathie.com\/wp-content\/uploads\/2021\/12\/Logo_Moncton-1-e1638998372599-300x300.png\" class=\"elementor-animation-grow attachment-medium size-medium wp-image-459\" alt=\"universite de moncton\" srcset=\"https:\/\/www.laroucheosteopathie.com\/wp-content\/uploads\/2021\/12\/Logo_Moncton-1-e1638998372599-300x300.png 300w, https:\/\/www.laroucheosteopathie.com\/wp-content\/uploads\/2021\/12\/Logo_Moncton-1-e1638998372599-150x150.png 150w, https:\/\/www.laroucheosteopathie.com\/wp-content\/uploads\/2021\/12\/Logo_Moncton-1-e1638998372599-12x12.png 12w, https:\/\/www.laroucheosteopathie.com\/wp-content\/uploads\/2021\/12\/Logo_Moncton-1-e1638998372599.png 500w\" sizes=\"(max-width: 300px) 100vw, 300px\" \/>\t\t\t\t\t\t\t\t<\/a>\n\t\t\t\t\t\t\t\t\t\t\t\t\t\t\t<\/div>\n\t\t\t\t<\/div>\n\t\t\t\t\t<\/div>\n\t\t<\/div>\n\t\t\t\t\t<\/div>\n\t\t<\/section>\n\t\t\t\t<section class=\"elementor-section elementor-top-section elementor-element elementor-element-610fcee elementor-section-boxed elementor-section-height-default elementor-section-height-default\" data-id=\"610fcee\" data-element_type=\"section\" data-e-type=\"section\">\n\t\t\t\t\t\t<div class=\"elementor-container elementor-column-gap-default\">\n\t\t\t\t\t<div class=\"elementor-column elementor-col-100 elementor-top-column elementor-element elementor-element-14f2f41\" data-id=\"14f2f41\" data-element_type=\"column\" data-e-type=\"column\">\n\t\t\t<div class=\"elementor-widget-wrap elementor-element-populated\">\n\t\t\t\t\t\t<div class=\"elementor-element elementor-element-c73117f elementor-widget elementor-widget-text-editor\" data-id=\"c73117f\" data-element_type=\"widget\" data-e-type=\"widget\" data-widget_type=\"text-editor.default\">\n\t\t\t\t<div class=\"elementor-widget-container\">\n\t\t\t\t\t\t\t\t\t<p>This site was built with love by <a href=\"https:\/\/setitup.tech\" target=\"_blank\" rel=\"noopener\">Setitup.tech <\/a>with passion.\u00a0<\/p>\t\t\t\t\t\t\t\t<\/div>\n\t\t\t\t<\/div>\n\t\t\t\t\t<\/div>\n\t\t<\/div>\n\t\t\t\t\t<\/div>\n\t\t<\/section>\n\t\t\t\t<\/div>","protected":false},"excerpt":{"rendered":"<p>Originaire de N\u00e9guac au Nouveau-Brunswick, Mathieu a obtenu un Baccalaur\u00e9at en kin\u00e9siologie \u00e0 l\u2019Universit\u00e9 de Moncton en 2012 et a ensuite obtenu un dipl\u00f4me en ost\u00e9opathie \u00e0 l\u2019Institut d\u2019Enseignement d\u2019Ost\u00e9opathie \u00e0 Montr\u00e9al en 2015. En mai 2015, il a fond\u00e9 sa pratique priv\u00e9 Larouche Ost\u00e9opathie. Il offre ses services dans la r\u00e9gion de Dieppe. Mathieu [&hellip;]<\/p>\n","protected":false},"author":4,"featured_media":0,"parent":0,"menu_order":0,"comment_status":"closed","ping_status":"closed","template":"","meta":{"ocean_post_layout":"full-screen","ocean_both_sidebars_style":"","ocean_both_sidebars_content_width":0,"ocean_both_sidebars_sidebars_width":0,"ocean_sidebar":"0","ocean_second_sidebar":"0","ocean_disable_margins":"enable","ocean_add_body_class":"","ocean_shortcode_before_top_bar":"","ocean_shortcode_after_top_bar":"","ocean_shortcode_before_header":"","ocean_shortcode_after_header":"","ocean_has_shortcode":"","ocean_shortcode_after_title":"","ocean_shortcode_before_footer_widgets":"","ocean_shortcode_after_footer_widgets":"","ocean_shortcode_before_footer_bottom":"","ocean_shortcode_after_footer_bottom":"","ocean_display_top_bar":"default","ocean_display_header":"default","ocean_header_style":"","ocean_center_header_left_menu":"0","ocean_custom_header_template":"0","ocean_custom_logo":0,"ocean_custom_retina_logo":0,"ocean_custom_logo_max_width":0,"ocean_custom_logo_tablet_max_width":0,"ocean_custom_logo_mobile_max_width":0,"ocean_custom_logo_max_height":0,"ocean_custom_logo_tablet_max_height":0,"ocean_custom_logo_mobile_max_height":0,"ocean_header_custom_menu":"0","ocean_menu_typo_font_family":"0","ocean_menu_typo_font_subset":"","ocean_menu_typo_font_size":0,"ocean_menu_typo_font_size_tablet":0,"ocean_menu_typo_font_size_mobile":0,"ocean_menu_typo_font_size_unit":"px","ocean_menu_typo_font_weight":"","ocean_menu_typo_font_weight_tablet":"","ocean_menu_typo_font_weight_mobile":"","ocean_menu_typo_transform":"","ocean_menu_typo_transform_tablet":"","ocean_menu_typo_transform_mobile":"","ocean_menu_typo_line_height":0,"ocean_menu_typo_line_height_tablet":0,"ocean_menu_typo_line_height_mobile":0,"ocean_menu_typo_line_height_unit":"","ocean_menu_typo_spacing":0,"ocean_menu_typo_spacing_tablet":0,"ocean_menu_typo_spacing_mobile":0,"ocean_menu_typo_spacing_unit":"","ocean_menu_link_color":"","ocean_menu_link_color_hover":"","ocean_menu_link_color_active":"","ocean_menu_link_background":"","ocean_menu_link_hover_background":"","ocean_menu_link_active_background":"","ocean_menu_social_links_bg":"","ocean_menu_social_hover_links_bg":"","ocean_menu_social_links_color":"","ocean_menu_social_hover_links_color":"","ocean_disable_title":"on","ocean_disable_heading":"default","ocean_post_title":"","ocean_post_subheading":"","ocean_post_title_style":"","ocean_post_title_background_color":"","ocean_post_title_background":0,"ocean_post_title_bg_image_position":"","ocean_post_title_bg_image_attachment":"","ocean_post_title_bg_image_repeat":"","ocean_post_title_bg_image_size":"","ocean_post_title_height":0,"ocean_post_title_bg_overlay":0.5,"ocean_post_title_bg_overlay_color":"","ocean_disable_breadcrumbs":"default","ocean_breadcrumbs_color":"","ocean_breadcrumbs_separator_color":"","ocean_breadcrumbs_links_color":"","ocean_breadcrumbs_links_hover_color":"","ocean_display_footer_widgets":"default","ocean_display_footer_bottom":"default","ocean_custom_footer_template":"0","_joinchat":[],"footnotes":""},"class_list":["post-18","page","type-page","status-publish","hentry","entry"],"yoast_head":"<!-- This site is optimized with the Yoast SEO plugin v27.4 - https:\/\/yoast.com\/product\/yoast-seo-wordpress\/ -->\n<title>Biography - laroucheosteopathie.com - Biography Osteopath Larouche<\/title>\n<meta name=\"description\" content=\"Biography of Osteopath Larouche - Click here to see the Biography of Osteopath Larouche based in Moncton - Chiropractic and Osteopathy\" \/>\n<meta name=\"robots\" content=\"index, follow, max-snippet:-1, max-image-preview:large, max-video-preview:-1\" \/>\n<link rel=\"canonical\" href=\"https:\/\/www.laroucheosteopathie.com\/en\/biography-larouche\/\" \/>\n<meta property=\"og:locale\" content=\"en_US\" \/>\n<meta property=\"og:type\" content=\"article\" \/>\n<meta property=\"og:title\" content=\"Biography - laroucheosteopathie.com - Biography Osteopath Larouche\" \/>\n<meta property=\"og:description\" content=\"Biography of Osteopath Larouche - Click here to see the Biography of Osteopath Larouche based in Moncton - Chiropractic and Osteopathy\" \/>\n<meta property=\"og:url\" content=\"https:\/\/www.laroucheosteopathie.com\/en\/biography-larouche\/\" \/>\n<meta property=\"og:site_name\" content=\"Laroucheosteopathie\" \/>\n<meta property=\"article:modified_time\" content=\"2025-01-28T01:16:21+00:00\" \/>\n<meta property=\"og:image\" content=\"https:\/\/www.laroucheosteopathie.com\/wp-content\/uploads\/2022\/06\/Untitled-design-3-768x768.png\" \/>\n<meta name=\"twitter:card\" content=\"summary_large_image\" \/>\n<meta name=\"twitter:label1\" content=\"Est. reading time\" \/>\n\t<meta name=\"twitter:data1\" content=\"2 minutes\" \/>\n<script type=\"application\/ld+json\" class=\"yoast-schema-graph\">{\"@context\":\"https:\\\/\\\/schema.org\",\"@graph\":[{\"@type\":\"WebPage\",\"@id\":\"https:\\\/\\\/www.laroucheosteopathie.com\\\/biography-larouche\\\/\",\"url\":\"https:\\\/\\\/www.laroucheosteopathie.com\\\/biography-larouche\\\/\",\"name\":\"Biography - laroucheosteopathie.com - Biography Osteopath Larouche\",\"isPartOf\":{\"@id\":\"https:\\\/\\\/www.laroucheosteopathie.com\\\/#website\"},\"primaryImageOfPage\":{\"@id\":\"https:\\\/\\\/www.laroucheosteopathie.com\\\/biography-larouche\\\/#primaryimage\"},\"image\":{\"@id\":\"https:\\\/\\\/www.laroucheosteopathie.com\\\/biography-larouche\\\/#primaryimage\"},\"thumbnailUrl\":\"https:\\\/\\\/www.laroucheosteopathie.com\\\/wp-content\\\/uploads\\\/2022\\\/06\\\/Untitled-design-3-768x768.png\",\"datePublished\":\"2021-11-12T19:21:08+00:00\",\"dateModified\":\"2025-01-28T01:16:21+00:00\",\"description\":\"Biography of Osteopath Larouche - Click here to see the Biography of Osteopath Larouche based in Moncton - Chiropractic and Osteopathy\",\"breadcrumb\":{\"@id\":\"https:\\\/\\\/www.laroucheosteopathie.com\\\/biography-larouche\\\/#breadcrumb\"},\"inLanguage\":\"en-US\",\"potentialAction\":[{\"@type\":\"ReadAction\",\"target\":[\"https:\\\/\\\/www.laroucheosteopathie.com\\\/biography-larouche\\\/\"]}]},{\"@type\":\"ImageObject\",\"inLanguage\":\"en-US\",\"@id\":\"https:\\\/\\\/www.laroucheosteopathie.com\\\/biography-larouche\\\/#primaryimage\",\"url\":\"https:\\\/\\\/www.laroucheosteopathie.com\\\/wp-content\\\/uploads\\\/2022\\\/06\\\/Untitled-design-3-768x768.png\",\"contentUrl\":\"https:\\\/\\\/www.laroucheosteopathie.com\\\/wp-content\\\/uploads\\\/2022\\\/06\\\/Untitled-design-3-768x768.png\"},{\"@type\":\"BreadcrumbList\",\"@id\":\"https:\\\/\\\/www.laroucheosteopathie.com\\\/biography-larouche\\\/#breadcrumb\",\"itemListElement\":[{\"@type\":\"ListItem\",\"position\":1,\"name\":\"Home\",\"item\":\"https:\\\/\\\/www.laroucheosteopathie.com\\\/\"},{\"@type\":\"ListItem\",\"position\":2,\"name\":\"Biographie\"}]},{\"@type\":\"WebSite\",\"@id\":\"https:\\\/\\\/www.laroucheosteopathie.com\\\/#website\",\"url\":\"https:\\\/\\\/www.laroucheosteopathie.com\\\/\",\"name\":\"Laroucheosteopathie\",\"description\":\"\",\"publisher\":{\"@id\":\"https:\\\/\\\/www.laroucheosteopathie.com\\\/#organization\"},\"potentialAction\":[{\"@type\":\"SearchAction\",\"target\":{\"@type\":\"EntryPoint\",\"urlTemplate\":\"https:\\\/\\\/www.laroucheosteopathie.com\\\/?s={search_term_string}\"},\"query-input\":{\"@type\":\"PropertyValueSpecification\",\"valueRequired\":true,\"valueName\":\"search_term_string\"}}],\"inLanguage\":\"en-US\"},{\"@type\":\"Organization\",\"@id\":\"https:\\\/\\\/www.laroucheosteopathie.com\\\/#organization\",\"name\":\"Larouche\",\"url\":\"https:\\\/\\\/www.laroucheosteopathie.com\\\/\",\"logo\":{\"@type\":\"ImageObject\",\"inLanguage\":\"en-US\",\"@id\":\"https:\\\/\\\/www.laroucheosteopathie.com\\\/#\\\/schema\\\/logo\\\/image\\\/\",\"url\":\"https:\\\/\\\/www.laroucheosteopathie.com\\\/wp-content\\\/uploads\\\/2022\\\/06\\\/Logo-01.png\",\"contentUrl\":\"https:\\\/\\\/www.laroucheosteopathie.com\\\/wp-content\\\/uploads\\\/2022\\\/06\\\/Logo-01.png\",\"width\":7138,\"height\":1333,\"caption\":\"Larouche\"},\"image\":{\"@id\":\"https:\\\/\\\/www.laroucheosteopathie.com\\\/#\\\/schema\\\/logo\\\/image\\\/\"}}]}<\/script>\n<!-- \/ Yoast SEO plugin. -->","yoast_head_json":{"title":"Biography - laroucheosteopathie.com - Biography Osteopath Larouche","description":"Biography of Osteopath Larouche - Click here to see the Biography of Osteopath Larouche based in Moncton - Chiropractic and Osteopathy","robots":{"index":"index","follow":"follow","max-snippet":"max-snippet:-1","max-image-preview":"max-image-preview:large","max-video-preview":"max-video-preview:-1"},"canonical":"https:\/\/www.laroucheosteopathie.com\/en\/biography-larouche\/","og_locale":"en_US","og_type":"article","og_title":"Biography - laroucheosteopathie.com - Biography Osteopath Larouche","og_description":"Biography of Osteopath Larouche - Click here to see the Biography of Osteopath Larouche based in Moncton - Chiropractic and Osteopathy","og_url":"https:\/\/www.laroucheosteopathie.com\/en\/biography-larouche\/","og_site_name":"Laroucheosteopathie","article_modified_time":"2025-01-28T01:16:21+00:00","og_image":[{"url":"https:\/\/www.laroucheosteopathie.com\/wp-content\/uploads\/2022\/06\/Untitled-design-3-768x768.png","type":"","width":"","height":""}],"twitter_card":"summary_large_image","twitter_misc":{"Est. reading time":"2 minutes"},"schema":{"@context":"https:\/\/schema.org","@graph":[{"@type":"WebPage","@id":"https:\/\/www.laroucheosteopathie.com\/biography-larouche\/","url":"https:\/\/www.laroucheosteopathie.com\/biography-larouche\/","name":"Biography - laroucheosteopathie.com - Biography Osteopath Larouche","isPartOf":{"@id":"https:\/\/www.laroucheosteopathie.com\/#website"},"primaryImageOfPage":{"@id":"https:\/\/www.laroucheosteopathie.com\/biography-larouche\/#primaryimage"},"image":{"@id":"https:\/\/www.laroucheosteopathie.com\/biography-larouche\/#primaryimage"},"thumbnailUrl":"https:\/\/www.laroucheosteopathie.com\/wp-content\/uploads\/2022\/06\/Untitled-design-3-768x768.png","datePublished":"2021-11-12T19:21:08+00:00","dateModified":"2025-01-28T01:16:21+00:00","description":"Biography of Osteopath Larouche - Click here to see the Biography of Osteopath Larouche based in Moncton - Chiropractic and Osteopathy","breadcrumb":{"@id":"https:\/\/www.laroucheosteopathie.com\/biography-larouche\/#breadcrumb"},"inLanguage":"en-US","potentialAction":[{"@type":"ReadAction","target":["https:\/\/www.laroucheosteopathie.com\/biography-larouche\/"]}]},{"@type":"ImageObject","inLanguage":"en-US","@id":"https:\/\/www.laroucheosteopathie.com\/biography-larouche\/#primaryimage","url":"https:\/\/www.laroucheosteopathie.com\/wp-content\/uploads\/2022\/06\/Untitled-design-3-768x768.png","contentUrl":"https:\/\/www.laroucheosteopathie.com\/wp-content\/uploads\/2022\/06\/Untitled-design-3-768x768.png"},{"@type":"BreadcrumbList","@id":"https:\/\/www.laroucheosteopathie.com\/biography-larouche\/#breadcrumb","itemListElement":[{"@type":"ListItem","position":1,"name":"Home","item":"https:\/\/www.laroucheosteopathie.com\/"},{"@type":"ListItem","position":2,"name":"Biographie"}]},{"@type":"WebSite","@id":"https:\/\/www.laroucheosteopathie.com\/#website","url":"https:\/\/www.laroucheosteopathie.com\/","name":"Laroucheosteopathie","description":"","publisher":{"@id":"https:\/\/www.laroucheosteopathie.com\/#organization"},"potentialAction":[{"@type":"SearchAction","target":{"@type":"EntryPoint","urlTemplate":"https:\/\/www.laroucheosteopathie.com\/?s={search_term_string}"},"query-input":{"@type":"PropertyValueSpecification","valueRequired":true,"valueName":"search_term_string"}}],"inLanguage":"en-US"},{"@type":"Organization","@id":"https:\/\/www.laroucheosteopathie.com\/#organization","name":"Larouche","url":"https:\/\/www.laroucheosteopathie.com\/","logo":{"@type":"ImageObject","inLanguage":"en-US","@id":"https:\/\/www.laroucheosteopathie.com\/#\/schema\/logo\/image\/","url":"https:\/\/www.laroucheosteopathie.com\/wp-content\/uploads\/2022\/06\/Logo-01.png","contentUrl":"https:\/\/www.laroucheosteopathie.com\/wp-content\/uploads\/2022\/06\/Logo-01.png","width":7138,"height":1333,"caption":"Larouche"},"image":{"@id":"https:\/\/www.laroucheosteopathie.com\/#\/schema\/logo\/image\/"}}]}},"_links":{"self":[{"href":"https:\/\/www.laroucheosteopathie.com\/en\/wp-json\/wp\/v2\/pages\/18","targetHints":{"allow":["GET"]}}],"collection":[{"href":"https:\/\/www.laroucheosteopathie.com\/en\/wp-json\/wp\/v2\/pages"}],"about":[{"href":"https:\/\/www.laroucheosteopathie.com\/en\/wp-json\/wp\/v2\/types\/page"}],"author":[{"embeddable":true,"href":"https:\/\/www.laroucheosteopathie.com\/en\/wp-json\/wp\/v2\/users\/4"}],"replies":[{"embeddable":true,"href":"https:\/\/www.laroucheosteopathie.com\/en\/wp-json\/wp\/v2\/comments?post=18"}],"version-history":[{"count":0,"href":"https:\/\/www.laroucheosteopathie.com\/en\/wp-json\/wp\/v2\/pages\/18\/revisions"}],"wp:attachment":[{"href":"https:\/\/www.laroucheosteopathie.com\/en\/wp-json\/wp\/v2\/media?parent=18"}],"curies":[{"name":"wp","href":"https:\/\/api.w.org\/{rel}","templated":true}]}}